{"id":14,"date":"2024-03-11T11:04:28","date_gmt":"2024-03-11T11:04:28","guid":{"rendered":"http:\/\/romicatsoftware.com\/?page_id=14"},"modified":"2024-03-17T15:23:13","modified_gmt":"2024-03-17T15:23:13","slug":"despre-noi","status":"publish","type":"page","link":"https:\/\/romicatsoftware.com\/ro\/despre-noi\/","title":{"rendered":"Despre noi"},"content":{"rendered":"<div class=\"wp-block-cover alignfull has-parallax\"><span aria-hidden=\"true\" class=\"wp-block-cover__background has-black-background-color has-background-dim\"><\/span><div role=\"img\" class=\"wp-block-cover__image-background wp-image-126 has-parallax\" style=\"background-position:50% 50%;background-image:url(https:\/\/romicatsoftware.com\/wp-content\/uploads\/2024\/03\/2-1.png)\"><\/div><div class=\"wp-block-cover__inner-container is-layout-constrained wp-block-cover-is-layout-constrained\">\n<div style=\"height:100px\" aria-hidden=\"true\" class=\"wp-block-spacer\"><\/div>\n\n\n\n<div class=\"wp-block-columns is-layout-flex wp-container-core-columns-is-layout-28f84493 wp-block-columns-is-layout-flex\">\n<div class=\"wp-block-column is-layout-flow wp-block-column-is-layout-flow\" style=\"flex-basis:33.33%\">\n<h2 class=\"wp-block-heading\">Pasiune pentru tehnologie, solu\u021bii pentru viitorul afacerii tale.<\/h2>\n<\/div>\n\n\n\n<div class=\"wp-block-column is-layout-flow wp-block-column-is-layout-flow\" style=\"flex-basis:66.66%\">\n<p style=\"line-height:2\">Av\u00e2nd o pasiune comun\u0103 pentru inova\u021bie, ne specializ\u0103m \u00een dezvoltarea de solu\u021bii software de v\u00e2rf, oferind experien\u021be digitale remarcabile \u0219i transform\u00e2nd idei \u00een realitate.<\/p>\n\n\n\n<p style=\"line-height:2\">Misiunea noastr\u0103 este de a concretiza viziunile clien\u021bilor prin tehnologie, folosindu-ne de solu\u021bii personalizate care s\u0103 r\u0103spund\u0103 nevoilor unice ale fiec\u0103rei afaceri. \u00cen fiecare linie de cod c\u0103ut\u0103m performan\u021ba, asigur\u00e2ndu-ne ca produsele noastre nu numai s\u0103 func\u021bioneze, ci s\u0103 fie remarcate \u00een lumea digital\u0103 competitiv\u0103.<\/p>\n<\/div>\n<\/div>\n\n\n\n<div style=\"height:100px\" aria-hidden=\"true\" class=\"wp-block-spacer\"><\/div>\n<\/div><\/div>\n\n\n\n<div style=\"height:150px\" aria-hidden=\"true\" class=\"wp-block-spacer\"><\/div>\n\n\n\n<div class=\"wp-block-columns is-layout-flex wp-container-core-columns-is-layout-28f84493 wp-block-columns-is-layout-flex\">\n<div class=\"wp-block-column is-layout-flow wp-block-column-is-layout-flow\">\n<p style=\"line-height:2\">Cu o viziune \u00eendr\u0103znea\u021b\u0103 \u0219i un angajament puternic fa\u021b\u0103 de calitate, suntem determina\u021bi s\u0103 dep\u0103\u0219im a\u0219tept\u0103rile \u0219i s\u0103 aducem valoare ad\u0103ugat\u0103 afacerilor pe care le servim. Romic\u0103 Toader, fondatorul \u0219i CEO-ul nostru, cu o experien\u021b\u0103 vast\u0103 \u0219i o viziune clar\u0103 asupra viitorului tehnologic, ghideaz\u0103 echipa \u00eentr-o c\u0103l\u0103torie continu\u0103 de excelen\u021b\u0103 \u0219i inova\u021bie.<\/p>\n\n\n\n<p style=\"line-height:2\">Fiecare membru \u00ee\u0219i aduce expertiza unic\u0103, contribuind la crearea unui mediu de lucru dinamic \u0219i creativ. Uni\u021bi \u00een scopul de a oferi solu\u021bii inovatoare, suntem preg\u0103ti\u021bi s\u0103 transform\u0103m ideile \u00een realitate digital\u0103 \u0219i s\u0103 aducem valoare afacerilor clien\u021bilor no\u0219tri. \u00centr-un mediu de lucru antrenant \u0219i creativ, suntem dedica\u021bi g\u0103sirii celor mai bune solu\u021bii pentru provoc\u0103rile primite.<\/p>\n<\/div>\n\n\n\n<div class=\"wp-block-column is-layout-flow wp-block-column-is-layout-flow\">\n<figure class=\"wp-block-image size-large\"><img fetchpriority=\"high\" decoding=\"async\" width=\"1024\" height=\"746\" src=\"https:\/\/romicatsoftware.com\/wp-content\/uploads\/2024\/03\/RT-1024x746.jpeg\" alt=\"\" class=\"wp-image-132\" srcset=\"https:\/\/romicatsoftware.com\/wp-content\/uploads\/2024\/03\/RT-1024x746.jpeg 1024w, https:\/\/romicatsoftware.com\/wp-content\/uploads\/2024\/03\/RT-300x219.jpeg 300w, https:\/\/romicatsoftware.com\/wp-content\/uploads\/2024\/03\/RT-768x560.jpeg 768w, https:\/\/romicatsoftware.com\/wp-content\/uploads\/2024\/03\/RT-1536x1119.jpeg 1536w, https:\/\/romicatsoftware.com\/wp-content\/uploads\/2024\/03\/RT.jpeg 1600w\" sizes=\"(max-width: 1024px) 100vw, 1024px\" \/><\/figure>\n<\/div>\n<\/div>\n\n\n\n<div style=\"height:100px\" aria-hidden=\"true\" class=\"wp-block-spacer\"><\/div>\n\n\n\n<div class=\"wp-block-cover alignfull has-parallax wp-duotone-dark-grayscale\"><span aria-hidden=\"true\" class=\"wp-block-cover__background has-black-background-color has-background-dim-20 has-background-dim\"><\/span><div role=\"img\" class=\"wp-block-cover__image-background wp-image-145 has-parallax\" style=\"background-position:50% 50%;background-image:url(https:\/\/romicatsoftware.com\/wp-content\/uploads\/2024\/03\/12-1-scaled.jpg)\"><\/div><div class=\"wp-block-cover__inner-container is-layout-constrained wp-block-cover-is-layout-constrained\">\n<div class=\"wp-block-group is-layout-constrained wp-block-group-is-layout-constrained\">\n<h2 class=\"wp-block-heading has-text-align-center has-ast-global-color-1-color has-text-color has-link-color wp-elements-3bf0698ec2872de64571517f2210b4b0\">Valorile care ne reprezint\u0103<\/h2>\n\n\n\n<div style=\"height:50px\" aria-hidden=\"true\" class=\"wp-block-spacer\"><\/div>\n\n\n\n<hr class=\"wp-block-separator has-alpha-channel-opacity is-style-wide\" style=\"margin-top:var(--wp--preset--spacing--60);margin-bottom:var(--wp--preset--spacing--60)\"\/>\n\n\n\n<div class=\"wp-block-group is-layout-constrained wp-block-group-is-layout-constrained\">\n<div class=\"wp-block-columns is-layout-flex wp-container-core-columns-is-layout-28f84493 wp-block-columns-is-layout-flex\">\n<div class=\"wp-block-column is-layout-flow wp-block-column-is-layout-flow\">\n<h2 class=\"wp-block-heading has-text-align-center has-ast-global-color-1-color has-text-color has-link-color wp-elements-b452efe10557607b70f7e1cde86f0e19 translation-block\">Inova\u021bie<\/h2>\n\n\n\n<p class=\"has-text-align-center\" style=\"line-height:1.5\">Ne str\u0103duim s\u0103 fim \u00een v\u00e2rful inova\u021biei, c\u0103ut\u00e2nd constant noi solu\u021bii \u0219i tehnologii pentru a \u00eembun\u0103t\u0103\u021bi produsele \u0219i serviciile noastre.<\/p>\n<\/div>\n\n\n\n<div class=\"wp-block-column is-layout-flow wp-block-column-is-layout-flow\">\n<h2 class=\"wp-block-heading has-text-align-center has-ast-global-color-1-color has-text-color has-link-color wp-elements-a82f012c657d92434612be3eca69be3c\">Calitate<\/h2>\n\n\n\n<p class=\"has-text-align-center\">Punem calitatea \u00eenainte de toate, asigur\u00e2ndu-ne c\u0103 fiecare solu\u021bie livrat\u0103 atinge cele mai \u00eenalte standarde de performan\u021b\u0103 \u0219i eficien\u021b\u0103.<\/p>\n<\/div>\n\n\n\n<div class=\"wp-block-column is-layout-flow wp-block-column-is-layout-flow\">\n<h2 class=\"wp-block-heading has-text-align-center has-ast-global-color-1-color has-text-color has-link-color wp-elements-eb69b0b3deb30b6eccb2773cfeac469b translation-block\">Transparen\u021b\u0103<\/h2>\n\n\n\n<p class=\"has-text-align-center\">Credem \u00een comunicarea deschis\u0103 \u0219i transparent\u0103 cu clien\u021bii \u0219i colegii, construind rela\u021bii solide bazate pe \u00eencredere \u0219i colaborare.<\/p>\n<\/div>\n<\/div>\n\n\n\n<hr class=\"wp-block-separator has-alpha-channel-opacity is-style-dots\" style=\"margin-top:var(--wp--preset--spacing--60);margin-bottom:var(--wp--preset--spacing--60)\"\/>\n\n\n\n<div class=\"wp-block-columns is-layout-flex wp-container-core-columns-is-layout-28f84493 wp-block-columns-is-layout-flex\">\n<div class=\"wp-block-column is-layout-flow wp-block-column-is-layout-flow\">\n<h2 class=\"wp-block-heading has-text-align-center has-ast-global-color-1-color has-text-color has-link-color wp-elements-062f7a70fe686addb8a1a3266876e992 translation-block\">Agilitate<\/h2>\n\n\n\n<p class=\"has-text-align-center\">Ne adapt\u0103m rapid la schimb\u0103rile din industrie \u0219i r\u0103spundem prompt cerin\u021belor clien\u021bilor, av\u00e2nd flexibilitatea de a oferi solu\u021bii personalizate \u00eentr-un mediu \u00een continu\u0103 schimbare.<\/p>\n<\/div>\n\n\n\n<div class=\"wp-block-column is-layout-flow wp-block-column-is-layout-flow\">\n<h2 class=\"wp-block-heading has-text-align-center has-ast-global-color-1-color has-text-color has-link-color wp-elements-8700cf64e4ba0a3219b727cb0920021d\"><strong>Angajament<\/strong><\/h2>\n\n\n\n<p class=\"has-text-align-center\">Suntem dedica\u021bi satisfac\u021biei clien\u021bilor no\u0219tri, orient\u00e2ndu-ne \u00eentotdeauna c\u0103tre \u00eendeplinirea nevoilor lor \u0219i oferind suport continuu.<\/p>\n<\/div>\n\n\n\n<div class=\"wp-block-column is-layout-flow wp-block-column-is-layout-flow\">\n<h2 class=\"wp-block-heading has-text-align-center has-ast-global-color-1-color has-text-color has-link-color wp-elements-80aa910018c3d9b77cb03666c55ce97f\">Echip\u0103 Puternic\u0103<\/h2>\n\n\n\n<p class=\"has-text-align-center\">Recunoa\u0219tem c\u0103 echipa noastr\u0103 este motorul succesului nostru. Fiecare membru aduce contribu\u021bii valoroase, promov\u00e2nd o cultur\u0103 a colabor\u0103rii \u0219i excelen\u021bei.<\/p>\n<\/div>\n<\/div>\n<\/div>\n\n\n\n<hr class=\"wp-block-separator has-alpha-channel-opacity is-style-wide\" style=\"margin-top:var(--wp--preset--spacing--60);margin-bottom:var(--wp--preset--spacing--60)\"\/>\n<\/div>\n\n\n\n<div style=\"height:100px\" aria-hidden=\"true\" class=\"wp-block-spacer\"><\/div>\n<\/div><\/div>\n\n\n\n<div style=\"height:100px\" aria-hidden=\"true\" class=\"wp-block-spacer\"><\/div>\n\n\n\n<div class=\"wp-block-columns is-layout-flex wp-container-core-columns-is-layout-28f84493 wp-block-columns-is-layout-flex\">\n<div class=\"wp-block-column is-layout-flow wp-block-column-is-layout-flow\" style=\"flex-basis:66.66%\">\n<figure class=\"wp-block-image size-large\"><img decoding=\"async\" width=\"1024\" height=\"680\" src=\"https:\/\/romicatsoftware.com\/wp-content\/uploads\/2024\/03\/3-1-1024x680.jpg\" alt=\"\" class=\"wp-image-129\" srcset=\"https:\/\/romicatsoftware.com\/wp-content\/uploads\/2024\/03\/3-1-1024x680.jpg 1024w, https:\/\/romicatsoftware.com\/wp-content\/uploads\/2024\/03\/3-1-300x199.jpg 300w, https:\/\/romicatsoftware.com\/wp-content\/uploads\/2024\/03\/3-1-768x510.jpg 768w, https:\/\/romicatsoftware.com\/wp-content\/uploads\/2024\/03\/3-1-1536x1020.jpg 1536w, https:\/\/romicatsoftware.com\/wp-content\/uploads\/2024\/03\/3-1-2048x1360.jpg 2048w\" sizes=\"(max-width: 1024px) 100vw, 1024px\" \/><\/figure>\n<\/div>\n\n\n\n<div class=\"wp-block-column is-layout-flow wp-block-column-is-layout-flow\" style=\"flex-basis:33.33%\">\n<h2 class=\"wp-block-heading\">Vrei s\u0103 afli mai multe despre cine suntem \u0219i ce facem?<\/h2>\n\n\n\n<p>Contacteaz\u0103-ne pentru mai multe detalii!<\/p>\n\n\n\n<p><\/p>\n\n\n\n<div class=\"wp-block-buttons is-layout-flex wp-block-buttons-is-layout-flex\">\n<div class=\"wp-block-button is-style-outline is-style-outline--1\"><a class=\"wp-block-button__link wp-element-button\" href=\"https:\/\/romicatsoftware.com\/ro\/contact\/\" style=\"border-radius:0px\">Contacteaz\u0103-ne acum!<\/a><\/div>\n<\/div>\n<\/div>\n<\/div>\n\n\n\n<div style=\"height:150px\" aria-hidden=\"true\" class=\"wp-block-spacer\"><\/div>","protected":false},"excerpt":{"rendered":"<p>With a bold vision and a strong commitment to quality, we are determined to exceed expectations and bring added value [&hellip;]<\/p>","protected":false},"author":1,"featured_media":0,"parent":0,"menu_order":0,"comment_status":"closed","ping_status":"closed","template":"","meta":{"site-sidebar-layout":"default","site-content-layout":"","ast-site-content-layout":"","site-content-style":"default","site-sidebar-style":"default","ast-global-header-display":"","ast-banner-title-visibility":"","ast-main-header-display":"","ast-hfb-above-header-display":"","ast-hfb-below-header-display":"","ast-hfb-mobile-header-display":"","site-post-title":"","ast-breadcrumbs-content":"","ast-featured-img":"","footer-sml-layout":"","theme-transparent-header-meta":"","adv-header-id-meta":"","stick-header-meta":"","header-above-stick-meta":"","header-main-stick-meta":"","header-below-stick-meta":"","astra-migrate-meta-layouts":"default","ast-page-background-enabled":"default","ast-page-background-meta":{"desktop":{"background-color":"var(--ast-global-color-4)","background-image":"","background-repeat":"repeat","background-position":"center center","background-size":"auto","background-attachment":"scroll","background-type":"","background-media":"","overlay-type":"","overlay-color":"","overlay-gradient":""},"tablet":{"background-color":"","background-image":"","background-repeat":"repeat","background-position":"center center","background-size":"auto","background-attachment":"scroll","background-type":"","background-media":"","overlay-type":"","overlay-color":"","overlay-gradient":""},"mobile":{"background-color":"","background-image":"","background-repeat":"repeat","background-position":"center center","background-size":"auto","background-attachment":"scroll","background-type":"","background-media":"","overlay-type":"","overlay-color":"","overlay-gradient":""}},"ast-content-background-meta":{"desktop":{"background-color":"var(--ast-global-color-5)","background-image":"","background-repeat":"repeat","background-position":"center center","background-size":"auto","background-attachment":"scroll","background-type":"","background-media":"","overlay-type":"","overlay-color":"","overlay-gradient":""},"tablet":{"background-color":"var(--ast-global-color-5)","background-image":"","background-repeat":"repeat","background-position":"center center","background-size":"auto","background-attachment":"scroll","background-type":"","background-media":"","overlay-type":"","overlay-color":"","overlay-gradient":""},"mobile":{"background-color":"var(--ast-global-color-5)","background-image":"","background-repeat":"repeat","background-position":"center center","background-size":"auto","background-attachment":"scroll","background-type":"","background-media":"","overlay-type":"","overlay-color":"","overlay-gradient":""}},"footnotes":""},"class_list":["post-14","page","type-page","status-publish","hentry"],"_links":{"self":[{"href":"https:\/\/romicatsoftware.com\/ro\/wp-json\/wp\/v2\/pages\/14","targetHints":{"allow":["GET"]}}],"collection":[{"href":"https:\/\/romicatsoftware.com\/ro\/wp-json\/wp\/v2\/pages"}],"about":[{"href":"https:\/\/romicatsoftware.com\/ro\/wp-json\/wp\/v2\/types\/page"}],"author":[{"embeddable":true,"href":"https:\/\/romicatsoftware.com\/ro\/wp-json\/wp\/v2\/users\/1"}],"replies":[{"embeddable":true,"href":"https:\/\/romicatsoftware.com\/ro\/wp-json\/wp\/v2\/comments?post=14"}],"version-history":[{"count":19,"href":"https:\/\/romicatsoftware.com\/ro\/wp-json\/wp\/v2\/pages\/14\/revisions"}],"predecessor-version":[{"id":303,"href":"https:\/\/romicatsoftware.com\/ro\/wp-json\/wp\/v2\/pages\/14\/revisions\/303"}],"wp:attachment":[{"href":"https:\/\/romicatsoftware.com\/ro\/wp-json\/wp\/v2\/media?parent=14"}],"curies":[{"name":"wp","href":"https:\/\/api.w.org\/{rel}","templated":true}]}}