{"id":46,"date":"2024-03-11T13:01:05","date_gmt":"2024-03-11T13:01:05","guid":{"rendered":"https:\/\/romicatsoftware.com\/?page_id=46"},"modified":"2024-03-18T14:04:34","modified_gmt":"2024-03-18T14:04:34","slug":"acasa","status":"publish","type":"page","link":"https:\/\/romicatsoftware.com\/ro\/","title":{"rendered":"Acas\u0103"},"content":{"rendered":"<div class=\"wp-block-cover alignfull has-parallax\"><span aria-hidden=\"true\" class=\"wp-block-cover__background has-black-background-color has-background-dim\"><\/span><div role=\"img\" class=\"wp-block-cover__image-background wp-image-97 has-parallax\" style=\"background-position:50% 50%;background-image:url(https:\/\/romicatsoftware.com\/wp-content\/uploads\/2024\/03\/1-1.png)\"><\/div><div class=\"wp-block-cover__inner-container is-layout-constrained wp-block-cover-is-layout-constrained\">\n<div style=\"height:150px\" aria-hidden=\"true\" class=\"wp-block-spacer\"><\/div>\n\n\n\n<h1 class=\"wp-block-heading has-text-align-center\">Partenerul t\u0103u \u00een digitalizare<\/h1>\n\n\n\n<p class=\"has-text-align-center\" style=\"margin-right:0;margin-left:0;padding-right:var(--wp--preset--spacing--80);padding-left:var(--wp--preset--spacing--80)\">Ne dedic\u0103m transform\u0103rii ideilor \u00een realitate digital\u0103, oferind solu\u021bii inovatoare \u0219i personalizate \u00een dezvoltarea de software, site-uri web \u0219i aplica\u021bii mobile, aduc\u00e2nd valoare \u0219i eficien\u021b\u0103 afacerii tale.<\/p>\n\n\n\n<div style=\"height:150px\" aria-hidden=\"true\" class=\"wp-block-spacer\"><\/div>\n<\/div><\/div>\n\n\n\n<div style=\"height:100px\" aria-hidden=\"true\" class=\"wp-block-spacer\"><\/div>\n\n\n\n<div class=\"wp-block-group is-layout-constrained wp-block-group-is-layout-constrained\">\n<div class=\"wp-block-columns is-layout-flex wp-container-core-columns-is-layout-28f84493 wp-block-columns-is-layout-flex\">\n<div class=\"wp-block-column is-layout-flow wp-block-column-is-layout-flow\" style=\"flex-basis:33.33%\">\n<h2 class=\"wp-block-heading\">Cine suntem?<\/h2>\n<\/div>\n\n\n\n<div class=\"wp-block-column is-layout-flow wp-block-column-is-layout-flow\" style=\"flex-basis:66.66%\">\n<p>Suntem o echip\u0103 dedicat\u0103 dezvolt\u0103rii software, pasiona\u021bi de inova\u021bie \u0219i excelen\u021b\u0103 tehnologic\u0103. \u00cenfiin\u021bat\u0103 cu o viziune clar\u0103 \u0219i un angajament ferm fa\u021b\u0103 de calitate, compania noastr\u0103 se str\u0103duie\u0219te s\u0103 ofere solu\u021bii software de v\u00e2rf care s\u0103 transforme \u0219i s\u0103 \u00eembun\u0103t\u0103\u021beasc\u0103 lumea \u00een care tr\u0103im. Av\u00e2nd o experien\u021b\u0103 vast\u0103 \u00een domeniul tehnologiei \u0219i o abordare orientat\u0103 spre nevoile clien\u021bilor, suntem aici pentru a v\u0103 ajuta s\u0103 v\u0103 transforma\u021bi ideile \u00een realitate \u0219i s\u0103 v\u0103 atinge\u021bi obiectivele tehnologice cu succes.<\/p>\n<\/div>\n<\/div>\n\n\n\n<hr class=\"wp-block-separator has-alpha-channel-opacity is-style-wide\" style=\"margin-top:var(--wp--preset--spacing--60);margin-bottom:var(--wp--preset--spacing--60)\"\/>\n\n\n\n<div class=\"wp-block-columns is-layout-flex wp-container-core-columns-is-layout-28f84493 wp-block-columns-is-layout-flex\">\n<div class=\"wp-block-column is-layout-flow wp-block-column-is-layout-flow\" style=\"flex-basis:66.66%\">\n<p>Ne specializ\u0103m \u00een dezvoltarea \u0219i implementarea solu\u021biilor software personalizate, adaptate nevoilor \u0219i cerin\u021belor specifice ale clien\u021bilor no\u0219tri. De la aplica\u021bii web \u0219i mobile p\u00e2n\u0103 la sisteme de gestionare \u0219i optimizare a afacerii, echipa noastr\u0103 este aici pentru a v\u0103 ajuta s\u0103 v\u0103 transforma\u021bi ideile \u00een realitate. Suntem aten\u021bi la detalii, avem o pasiune pentru inova\u021bie, \u0219i ne str\u0103duim s\u0103 oferim solu\u021bii tehnologice de v\u00e2rf care s\u0103 v\u0103 ajute s\u0103 v\u0103 atinge\u021bi obiectivele \u0219i s\u0103 v\u0103 dezvolta\u021bi afacerea \u00eentr-un mediu digital \u00een continu\u0103 evolu\u021bie.<\/p>\n<\/div>\n\n\n\n<div class=\"wp-block-column is-layout-flow wp-block-column-is-layout-flow\" style=\"flex-basis:33.33%\">\n<h2 class=\"wp-block-heading\">Cu ce ne ocup\u0103m?<\/h2>\n<\/div>\n<\/div>\n\n\n\n<hr class=\"wp-block-separator has-alpha-channel-opacity is-style-wide\" style=\"margin-top:var(--wp--preset--spacing--60);margin-bottom:var(--wp--preset--spacing--60)\"\/>\n\n\n\n<div class=\"wp-block-columns is-layout-flex wp-container-core-columns-is-layout-28f84493 wp-block-columns-is-layout-flex\">\n<div class=\"wp-block-column is-layout-flow wp-block-column-is-layout-flow\" style=\"flex-basis:33.33%\">\n<h2 class=\"wp-block-heading\">De ce s\u0103 ne alegi?<\/h2>\n<\/div>\n\n\n\n<div class=\"wp-block-column is-layout-flow wp-block-column-is-layout-flow\" style=\"flex-basis:66.66%\">\n<p>Aleg\u00e2nd s\u0103 lucrezi cu noi, te asiguri c\u0103 ai parte de o echip\u0103 dedicat\u0103, pasionat\u0103 \u0219i experimentat\u0103 \u00een dezvoltarea software. Ne distingem prin abordarea noastr\u0103 orientat\u0103 c\u0103tre nevoile \u0219i obiectivele clien\u021bilor, precum \u0219i prin angajamentul nostru fa\u021b\u0103 de calitate \u0219i inova\u021bie. Fiecare proiect este abordat cu aten\u021bie la detalii \u0219i o dorin\u021b\u0103 constant\u0103 de a livra solu\u021bii tehnologice de v\u00e2rf, care s\u0103 \u00ee\u021bi aduc\u0103 succesul \u0219i satisfac\u021bia pe termen lung. Cu noi, vei avea parte de parteneriatul perfect pentru a-\u021bi transforma ideile \u00een realitate \u0219i a-\u021bi dezvolta afacerea \u00een era digital\u0103.<\/p>\n<\/div>\n<\/div>\n\n\n\n<div style=\"height:150px\" aria-hidden=\"true\" class=\"wp-block-spacer\"><\/div>\n<\/div>\n\n\n\n<div class=\"wp-block-cover alignfull has-parallax\" style=\"min-height:364px;aspect-ratio:unset;\"><span aria-hidden=\"true\" class=\"wp-block-cover__background has-ast-global-color-3-background-color has-background-dim\"><\/span><div role=\"img\" class=\"wp-block-cover__image-background wp-image-221 has-parallax\" style=\"background-position:50% 50%;background-image:url(https:\/\/romicatsoftware.com\/wp-content\/uploads\/2024\/03\/10-4-scaled.jpg)\"><\/div><div class=\"wp-block-cover__inner-container is-layout-constrained wp-block-cover-is-layout-constrained\">\n<h2 class=\"wp-block-heading has-text-align-center\">Valorile noastre<\/h2>\n\n\n\n<p class=\"has-text-align-center\">Valorile noastre definesc fundamentul misiunii noastre \u00een industria tehnologic\u0103. Suntem dedica\u021bi excelen\u021bei, inova\u021biei \u0219i integrit\u0103\u021bii \u00een tot ceea ce facem. Ne str\u0103duim s\u0103 dezvolt\u0103m solu\u021bii tehnologice de v\u00e2rf care s\u0103 transforme \u0219i s\u0103 \u00eembun\u0103t\u0103\u021beasc\u0103 lumea \u00een care tr\u0103im.<\/p>\n<\/div><\/div>\n\n\n\n<div style=\"height:80px\" aria-hidden=\"true\" class=\"wp-block-spacer\"><\/div>\n\n\n\n<div class=\"wp-block-columns is-layout-flex wp-container-core-columns-is-layout-28f84493 wp-block-columns-is-layout-flex\">\n<div class=\"wp-block-column is-layout-flow wp-block-column-is-layout-flow\">\n<h3 class=\"wp-block-heading has-text-align-center translation-block\">Inova\u021bie<\/h3>\n<\/div>\n\n\n\n<div class=\"wp-block-column is-layout-flow wp-block-column-is-layout-flow\">\n<h3 class=\"wp-block-heading has-text-align-center\">Calitate<\/h3>\n<\/div>\n\n\n\n<div class=\"wp-block-column is-layout-flow wp-block-column-is-layout-flow\">\n<h3 class=\"wp-block-heading has-text-align-center translation-block\">Transparen\u021b\u0103<\/h3>\n<\/div>\n<\/div>\n\n\n\n<hr class=\"wp-block-separator has-alpha-channel-opacity is-style-dots\" style=\"margin-top:var(--wp--preset--spacing--60);margin-bottom:var(--wp--preset--spacing--60)\"\/>\n\n\n\n<div class=\"wp-block-columns is-layout-flex wp-container-core-columns-is-layout-28f84493 wp-block-columns-is-layout-flex\">\n<div class=\"wp-block-column is-layout-flow wp-block-column-is-layout-flow\">\n<h3 class=\"wp-block-heading has-text-align-center translation-block\">Agilitate<\/h3>\n<\/div>\n\n\n\n<div class=\"wp-block-column is-layout-flow wp-block-column-is-layout-flow\">\n<h3 class=\"wp-block-heading has-text-align-center\"><strong>Angajament<\/strong><\/h3>\n<\/div>\n\n\n\n<div class=\"wp-block-column is-layout-flow wp-block-column-is-layout-flow\">\n<h3 class=\"wp-block-heading has-text-align-center\"><strong>Echip\u0103 Puternic\u0103<\/strong><\/h3>\n<\/div>\n<\/div>\n\n\n\n<div style=\"height:50px\" aria-hidden=\"true\" class=\"wp-block-spacer\"><\/div>\n\n\n\n<div class=\"wp-block-buttons is-content-justification-center is-layout-flex wp-container-core-buttons-is-layout-a89b3969 wp-block-buttons-is-layout-flex\">\n<div class=\"wp-block-button is-style-outline is-style-outline--1\"><a class=\"wp-block-button__link wp-element-button\" href=\"https:\/\/romicatsoftware.com\/ro\/despre-noi\/\" style=\"border-radius:0px\">Afl\u0103 mai mult<\/a><\/div>\n<\/div>\n\n\n\n<div style=\"height:150px\" aria-hidden=\"true\" class=\"wp-block-spacer\"><\/div>\n\n\n\n<div class=\"wp-block-cover alignfull has-parallax\" style=\"min-height:364px;aspect-ratio:unset;\"><span aria-hidden=\"true\" class=\"wp-block-cover__background has-black-background-color has-background-dim\"><\/span><div role=\"img\" class=\"wp-block-cover__image-background wp-image-96 has-parallax\" style=\"background-position:50% 50%;background-image:url(https:\/\/romicatsoftware.com\/wp-content\/uploads\/2024\/03\/2-2-scaled.jpg)\"><\/div><div class=\"wp-block-cover__inner-container is-layout-constrained wp-block-cover-is-layout-constrained\">\n<h2 class=\"wp-block-heading has-text-align-center\">Servicii oferite<\/h2>\n\n\n\n<p class=\"has-text-align-center\">Oferim o gam\u0103 complex\u0103 de servicii IT personalizate, adaptate nevoilor \u0219i cerin\u021belor specifice ale afacerii dumneavoastr\u0103. Indiferent de dimensiunea sau complexitatea proiectului, suntem aici pentru a v\u0103 ajuta s\u0103 v\u0103 atinge\u021bi obiectivele \u0219i s\u0103 v\u0103 dezvolta\u021bi afacerea \u00een era digital\u0103.<\/p>\n<\/div><\/div>\n\n\n\n<div class=\"wp-block-group is-layout-constrained wp-block-group-is-layout-constrained\">\n<div style=\"height:80px\" aria-hidden=\"true\" class=\"wp-block-spacer\"><\/div>\n\n\n\n<div class=\"wp-block-columns are-vertically-aligned-center is-layout-flex wp-container-core-columns-is-layout-28f84493 wp-block-columns-is-layout-flex\">\n<div class=\"wp-block-column is-vertically-aligned-center is-layout-flow wp-block-column-is-layout-flow\">\n<h4 class=\"wp-block-heading has-text-align-center\">Consultan\u021b\u0103 IT<\/h4>\n<\/div>\n\n\n\n<div class=\"wp-block-column is-vertically-aligned-center is-layout-flow wp-block-column-is-layout-flow\">\n<h4 class=\"wp-block-heading has-text-align-center\">Solu\u021bii de optimizare digital\u0103<\/h4>\n<\/div>\n\n\n\n<div class=\"wp-block-column is-vertically-aligned-center is-layout-flow wp-block-column-is-layout-flow\">\n<h4 class=\"wp-block-heading has-text-align-center\">Digitalizarea proceselor de afaceri<\/h4>\n<\/div>\n\n\n\n<div class=\"wp-block-column is-vertically-aligned-center is-layout-flow wp-block-column-is-layout-flow\">\n<h4 class=\"wp-block-heading has-text-align-center\">Dezvoltare de aplica\u021bii de gestiune<\/h4>\n<\/div>\n<\/div>\n\n\n\n<hr class=\"wp-block-separator has-alpha-channel-opacity is-style-wide\" style=\"margin-top:var(--wp--preset--spacing--60);margin-bottom:var(--wp--preset--spacing--60)\"\/>\n\n\n\n<div class=\"wp-block-columns are-vertically-aligned-center is-layout-flex wp-container-core-columns-is-layout-28f84493 wp-block-columns-is-layout-flex\">\n<div class=\"wp-block-column is-vertically-aligned-center is-layout-flow wp-block-column-is-layout-flow\">\n<h4 class=\"wp-block-heading has-text-align-center\">Dezvoltare de site-uri web<\/h4>\n<\/div>\n\n\n\n<div class=\"wp-block-column is-vertically-aligned-center is-layout-flow wp-block-column-is-layout-flow\">\n<h4 class=\"wp-block-heading has-text-align-center\">Dezvoltare de aplica\u021bii mobile<\/h4>\n<\/div>\n\n\n\n<div class=\"wp-block-column is-vertically-aligned-center is-layout-flow wp-block-column-is-layout-flow\">\n<h4 class=\"wp-block-heading has-text-align-center\">Test automation<\/h4>\n<\/div>\n\n\n\n<div class=\"wp-block-column is-vertically-aligned-center is-layout-flow wp-block-column-is-layout-flow\">\n<h4 class=\"wp-block-heading has-text-align-center\">Testare manual\u0103<\/h4>\n<\/div>\n<\/div>\n\n\n\n<div style=\"height:50px\" aria-hidden=\"true\" class=\"wp-block-spacer\"><\/div>\n\n\n\n<div class=\"wp-block-buttons is-content-justification-center is-layout-flex wp-container-core-buttons-is-layout-a89b3969 wp-block-buttons-is-layout-flex\">\n<div class=\"wp-block-button is-style-outline is-style-outline--2\"><a class=\"wp-block-button__link wp-element-button\" href=\"https:\/\/romicatsoftware.com\/ro\/servicii\/\" style=\"border-radius:0px\">Afl\u0103 mai mult<\/a><\/div>\n<\/div>\n\n\n\n<div style=\"height:150px\" aria-hidden=\"true\" class=\"wp-block-spacer\"><\/div>\n<\/div>\n\n\n\n<div class=\"wp-block-cover alignfull has-parallax\"><span aria-hidden=\"true\" class=\"wp-block-cover__background has-black-background-color has-background-dim\"><\/span><div role=\"img\" class=\"wp-block-cover__image-background wp-image-98 has-parallax\" style=\"background-position:50% 50%;background-image:url(https:\/\/romicatsoftware.com\/wp-content\/uploads\/2024\/03\/4-scaled.jpg)\"><\/div><div class=\"wp-block-cover__inner-container is-layout-constrained wp-block-cover-is-layout-constrained\">\n<div style=\"height:150px\" aria-hidden=\"true\" class=\"wp-block-spacer\"><\/div>\n\n\n\n<h1 class=\"wp-block-heading has-text-align-center\">Descoper\u0103 cum putem transforma viziunea ta \u00een realitate digital\u0103! Contacteaz\u0103-ne acum pentru a ini\u021bia c\u0103l\u0103toria spre inova\u021bie \u0219i succes digital.<\/h1>\n\n\n\n<div style=\"height:80px\" aria-hidden=\"true\" class=\"wp-block-spacer\"><\/div>\n\n\n\n<div class=\"wp-block-buttons is-content-justification-center is-layout-flex wp-container-core-buttons-is-layout-a89b3969 wp-block-buttons-is-layout-flex\">\n<div class=\"wp-block-button is-style-outline is-style-outline--3\"><a class=\"wp-block-button__link has-text-align-center wp-element-button\" href=\"https:\/\/romicatsoftware.com\/ro\/contact\/\" style=\"border-radius:0px\">Contacteaz\u0103-ne!<\/a><\/div>\n<\/div>\n\n\n\n<div style=\"height:100px\" aria-hidden=\"true\" class=\"wp-block-spacer\"><\/div>\n<\/div><\/div>\n\n\n\n<div style=\"height:100px\" aria-hidden=\"true\" class=\"wp-block-spacer\"><\/div>","protected":false},"excerpt":{"rendered":"<p>Who are we? We are a dedicated team of software developers, passionate about innovation and technological excellence. Founded with a [&hellip;]<\/p>","protected":false},"author":1,"featured_media":0,"parent":0,"menu_order":0,"comment_status":"closed","ping_status":"closed","template":"","meta":{"site-sidebar-layout":"default","site-content-layout":"","ast-site-content-layout":"normal-width-container","site-content-style":"default","site-sidebar-style":"default","ast-global-header-display":"","ast-banner-title-visibility":"","ast-main-header-display":"","ast-hfb-above-header-display":"","ast-hfb-below-header-display":"","ast-hfb-mobile-header-display":"","site-post-title":"disabled","ast-breadcrumbs-content":"","ast-featured-img":"","footer-sml-layout":"","theme-transparent-header-meta":"","adv-header-id-meta":"","stick-header-meta":"","header-above-stick-meta":"","header-main-stick-meta":"","header-below-stick-meta":"","astra-migrate-meta-layouts":"default","ast-page-background-enabled":"default","ast-page-background-meta":{"desktop":{"background-color":"var(--ast-global-color-4)","background-image":"","background-repeat":"repeat","background-position":"center center","background-size":"auto","background-attachment":"scroll","background-type":"","background-media":"","overlay-type":"","overlay-color":"","overlay-gradient":""},"tablet":{"background-color":"","background-image":"","background-repeat":"repeat","background-position":"center center","background-size":"auto","background-attachment":"scroll","background-type":"","background-media":"","overlay-type":"","overlay-color":"","overlay-gradient":""},"mobile":{"background-color":"","background-image":"","background-repeat":"repeat","background-position":"center center","background-size":"auto","background-attachment":"scroll","background-type":"","background-media":"","overlay-type":"","overlay-color":"","overlay-gradient":""}},"ast-content-background-meta":{"desktop":{"background-color":"var(--ast-global-color-5)","background-image":"","background-repeat":"repeat","background-position":"center center","background-size":"auto","background-attachment":"scroll","background-type":"","background-media":"","overlay-type":"","overlay-color":"","overlay-gradient":""},"tablet":{"background-color":"var(--ast-global-color-5)","background-image":"","background-repeat":"repeat","background-position":"center center","background-size":"auto","background-attachment":"scroll","background-type":"","background-media":"","overlay-type":"","overlay-color":"","overlay-gradient":""},"mobile":{"background-color":"var(--ast-global-color-5)","background-image":"","background-repeat":"repeat","background-position":"center center","background-size":"auto","background-attachment":"scroll","background-type":"","background-media":"","overlay-type":"","overlay-color":"","overlay-gradient":""}},"footnotes":""},"class_list":["post-46","page","type-page","status-publish","hentry"],"_links":{"self":[{"href":"https:\/\/romicatsoftware.com\/ro\/wp-json\/wp\/v2\/pages\/46","targetHints":{"allow":["GET"]}}],"collection":[{"href":"https:\/\/romicatsoftware.com\/ro\/wp-json\/wp\/v2\/pages"}],"about":[{"href":"https:\/\/romicatsoftware.com\/ro\/wp-json\/wp\/v2\/types\/page"}],"author":[{"embeddable":true,"href":"https:\/\/romicatsoftware.com\/ro\/wp-json\/wp\/v2\/users\/1"}],"replies":[{"embeddable":true,"href":"https:\/\/romicatsoftware.com\/ro\/wp-json\/wp\/v2\/comments?post=46"}],"version-history":[{"count":46,"href":"https:\/\/romicatsoftware.com\/ro\/wp-json\/wp\/v2\/pages\/46\/revisions"}],"predecessor-version":[{"id":323,"href":"https:\/\/romicatsoftware.com\/ro\/wp-json\/wp\/v2\/pages\/46\/revisions\/323"}],"wp:attachment":[{"href":"https:\/\/romicatsoftware.com\/ro\/wp-json\/wp\/v2\/media?parent=46"}],"curies":[{"name":"wp","href":"https:\/\/api.w.org\/{rel}","templated":true}]}}