{"id":48,"date":"2024-03-11T13:01:43","date_gmt":"2024-03-11T13:01:43","guid":{"rendered":"https:\/\/romicatsoftware.com\/?page_id=48"},"modified":"2024-03-17T15:37:50","modified_gmt":"2024-03-17T15:37:50","slug":"servicii","status":"publish","type":"page","link":"https:\/\/romicatsoftware.com\/ro\/servicii\/","title":{"rendered":"Servicii"},"content":{"rendered":"<div style=\"height:100px\" aria-hidden=\"true\" class=\"wp-block-spacer\"><\/div>\n\n\n\n<div class=\"wp-block-cover alignfull has-parallax\"><span aria-hidden=\"true\" class=\"wp-block-cover__background has-black-background-color has-background-dim\"><\/span><div role=\"img\" class=\"wp-block-cover__image-background wp-image-155 has-parallax\" style=\"background-position:50% 50%;background-image:url(https:\/\/romicatsoftware.com\/wp-content\/uploads\/2024\/03\/1-2.png)\"><\/div><div class=\"wp-block-cover__inner-container is-layout-constrained wp-block-cover-is-layout-constrained\">\n<div style=\"height:100px\" aria-hidden=\"true\" class=\"wp-block-spacer\"><\/div>\n\n\n\n<h2 class=\"wp-block-heading has-text-align-center\">Servicii IT personalizate, performan\u021b\u0103 excep\u021bional\u0103.<\/h2>\n\n\n\n<p class=\"has-text-align-center\" style=\"line-height:2\">Scopul nostru este reprezentat de transformarea digital\u0103 a afacerilor tale, \u0219i \u00een acest sens \u00ee\u021bi oferim o gam\u0103 cuprinz\u0103toare de servicii adaptate nevoilor tale specifice. De la digitalizarea proceselor \u0219i optimizarea afacerii p\u00e2n\u0103 la dezvoltarea de site-uri web \u0219i aplica\u021bii mobile, suntem aici pentru a te ajuta s\u0103 \u00ee\u021bi atingi obiectivele. Compania noastr\u0103 \u00ee\u021bi pune la dispozi\u021bie solu\u021bii de gestionare \u0219i optimizare digital\u0103, asigur\u00e2ndu-ne c\u0103 opera\u021biunile tale sunt at\u00e2t eficiente, c\u00e2t \u0219i competitive.<\/p>\n\n\n\n<div style=\"height:100px\" aria-hidden=\"true\" class=\"wp-block-spacer\"><\/div>\n<\/div><\/div>\n\n\n\n<div style=\"height:100px\" aria-hidden=\"true\" class=\"wp-block-spacer\"><\/div>\n\n\n\n<div class=\"wp-block-columns is-layout-flex wp-container-core-columns-is-layout-28f84493 wp-block-columns-is-layout-flex\">\n<div class=\"wp-block-column is-layout-flow wp-block-column-is-layout-flow\" style=\"flex-basis:33.33%\">\n<h4 class=\"wp-block-heading has-text-align-center\">Consultan\u021b\u0103 IT<\/h4>\n<\/div>\n\n\n\n<div class=\"wp-block-column is-layout-flow wp-block-column-is-layout-flow\" style=\"flex-basis:66.66%\">\n<p class=\"has-text-align-left\" style=\"line-height:2\">Echipa noastr\u0103 ofer\u0103 expertiz\u0103 \u00een industria tehnologic\u0103, ghid\u00e2ndu-v\u0103 pas cu pas \u00een rezolvarea celor mai complexe provoc\u0103ri \u0219i transform\u00e2nd viziunile \u00een realitate digital\u0103. Prin analiza detaliat\u0103 a nevoilor \u0219i obiectivelor tale, dezvolt\u0103m strategii personalizate \u0219i solu\u021bii inovatoare care s\u0103 \u00ee\u021bi conduc\u0103 afacerea spre succes. Cu o abordare orientat\u0103 spre client \u0219i o \u00een\u021belegere profund\u0103 a tehnologiei, suntem partenerul ideal pentru a te asigura c\u0103 investi\u021bia \u00een IT aduce rezultate semnificative \u0219i durabile.<\/p>\n<\/div>\n<\/div>\n\n\n\n<hr class=\"wp-block-separator has-alpha-channel-opacity is-style-wide\" style=\"margin-top:var(--wp--preset--spacing--60);margin-bottom:var(--wp--preset--spacing--60)\"\/>\n\n\n\n<div class=\"wp-block-columns is-layout-flex wp-container-core-columns-is-layout-28f84493 wp-block-columns-is-layout-flex\" style=\"border-radius:0px\">\n<div class=\"wp-block-column is-layout-flow wp-block-column-is-layout-flow\" style=\"flex-basis:66.66%\">\n<p class=\"has-text-align-right\" style=\"line-height:2\">Suntem dedica\u021bi maximiz\u0103rii eficien\u021bei \u0219i performan\u021bei afacerii tale \u00een mediul online. Folosind cele mai recente tehnologii \u0219i practici, analiz\u0103m \u00een profunzime procesele \u0219i fluxurile de lucru existente pentru a identifica punctele de \u00eembun\u0103t\u0103\u021bire \u0219i a implementa solu\u021bii care s\u0103 conduc\u0103 la cre\u0219terea profitabilit\u0103\u021bii \u0219i a competitivit\u0103\u021bii. De la optimizarea site-urilor web \u0219i aplica\u021biilor mobile p\u00e2n\u0103 la gestionarea eficient\u0103 a datelor \u0219i automatizarea proceselor, suntem partenerul t\u0103u de \u00eencredere \u00een c\u0103l\u0103toria spre transformarea digital\u0103 \u0219i succesul durabil.<\/p>\n<\/div>\n\n\n\n<div class=\"wp-block-column is-layout-flow wp-block-column-is-layout-flow\" style=\"flex-basis:33.33%\">\n<h4 class=\"wp-block-heading has-text-align-center\">Solu\u021bii de optimizare digital\u0103<\/h4>\n<\/div>\n<\/div>\n\n\n\n<hr class=\"wp-block-separator has-alpha-channel-opacity is-style-wide\" style=\"margin-top:var(--wp--preset--spacing--60);margin-bottom:var(--wp--preset--spacing--60)\"\/>\n\n\n\n<div class=\"wp-block-columns is-layout-flex wp-container-core-columns-is-layout-28f84493 wp-block-columns-is-layout-flex\">\n<div class=\"wp-block-column is-layout-flow wp-block-column-is-layout-flow\" style=\"flex-basis:33.33%\">\n<h4 class=\"wp-block-heading has-text-align-center\">Digitalizarea proceselor de afaceri<\/h4>\n<\/div>\n\n\n\n<div class=\"wp-block-column is-layout-flow wp-block-column-is-layout-flow\" style=\"flex-basis:66.66%\">\n<p style=\"line-height:2\">Ne angaj\u0103m s\u0103 simplific\u0103m \u0219i s\u0103 optimiz\u0103m procesele de afaceri prin digitalizare. Prin implementarea solu\u021biilor software personalizate, ne propunem s\u0103 transform\u0103m manualul \u00een automat, reduc\u00e2nd costurile opera\u021bionale, sporind eficien\u021ba \u0219i acceler\u00e2nd cre\u0219terea afacerii tale. Cu o abordare orientat\u0103 spre nevoile tale specifice, colabor\u0103m str\u00e2ns pentru a identifica \u0219i a implementa solu\u021bii digitale inovatoare, adaptate perfect la cerin\u021bele \u0219i obiectivele afacerii tale. Indiferent de industria \u00een care activezi, suntem aici pentru a te ghida \u0219i a te sus\u021bine \u00een c\u0103l\u0103toria ta spre digitalizare \u0219i succes.<\/p>\n<\/div>\n<\/div>\n\n\n\n<hr class=\"wp-block-separator has-alpha-channel-opacity is-style-wide\" style=\"margin-top:var(--wp--preset--spacing--60);margin-bottom:var(--wp--preset--spacing--60)\"\/>\n\n\n\n<div class=\"wp-block-columns is-layout-flex wp-container-core-columns-is-layout-28f84493 wp-block-columns-is-layout-flex\">\n<div class=\"wp-block-column is-layout-flow wp-block-column-is-layout-flow\" style=\"flex-basis:66.66%\">\n<p class=\"has-text-align-right\" style=\"line-height:2\">Ne specializ\u0103m \u00een crearea de aplica\u021bii de gestiune personalizate, adaptate specific nevoilor \u0219i cerin\u021belor afacerii tale. Proiect\u0103m \u0219i implement\u0103m solu\u021bii software inovatoare, menite s\u0103 eficientizeze procesele de gestionare a datelor \u0219i s\u0103 optimizeze fluxurile de lucru. De la sisteme ERP (Enterprise Resource Planning) p\u00e2n\u0103 la aplica\u021bii CRM (Customer Relationship Management) \u0219i solu\u021bii de contabilitate, ne angaj\u0103m s\u0103 transform\u0103m ideile tale \u00een aplica\u021bii de succes, contribuind la cre\u0219terea eficien\u021bei \u0219i a competitivit\u0103\u021bii afacerii tale.<\/p>\n<\/div>\n\n\n\n<div class=\"wp-block-column is-layout-flow wp-block-column-is-layout-flow\" style=\"flex-basis:33.33%\">\n<h4 class=\"wp-block-heading has-text-align-center\">Dezvoltare de aplica\u021bii de gestiune<\/h4>\n<\/div>\n<\/div>\n\n\n\n<hr class=\"wp-block-separator has-alpha-channel-opacity is-style-wide\" style=\"margin-top:var(--wp--preset--spacing--60);margin-bottom:var(--wp--preset--spacing--60)\"\/>\n\n\n\n<div class=\"wp-block-columns is-layout-flex wp-container-core-columns-is-layout-28f84493 wp-block-columns-is-layout-flex\">\n<div class=\"wp-block-column is-layout-flow wp-block-column-is-layout-flow\" style=\"flex-basis:33.33%\">\n<h4 class=\"wp-block-heading has-text-align-center\">Dezvoltare de site-uri web<\/h4>\n<\/div>\n\n\n\n<div class=\"wp-block-column is-layout-flow wp-block-column-is-layout-flow\" style=\"flex-basis:66.66%\">\n<p style=\"line-height:2\">Oferim servicii personalizate de creare \u0219i optimizare a site-urilor web, adaptate nevoilor \u0219i obiectivelor tale. \u00cen mod proactiv \u0219i creativ, proiect\u0103m \u0219i dezvolt\u0103m site-uri web moderne, responsive \u0219i func\u021bionale, menite s\u0103 ofere o experien\u021b\u0103 de utilizare remarcabil\u0103 pentru vizitatorii t\u0103i. Indiferent dac\u0103 ai nevoie de un site de prezentare, un magazin online sau o platform\u0103 complex\u0103 de gestionare a con\u021binutului, suntem aici pentru a proiecta viziunea ta \u00eentr-o prezen\u021b\u0103 online puternic\u0103 \u0219i atr\u0103g\u0103toare, contribuind la cre\u0219terea vizibilit\u0103\u021bii \u0219i a succesului afacerii tale \u00een mediul digital.<\/p>\n<\/div>\n<\/div>\n\n\n\n<hr class=\"wp-block-separator has-alpha-channel-opacity is-style-wide\" style=\"margin-top:var(--wp--preset--spacing--60);margin-bottom:var(--wp--preset--spacing--60)\"\/>\n\n\n\n<div class=\"wp-block-columns is-layout-flex wp-container-core-columns-is-layout-28f84493 wp-block-columns-is-layout-flex\">\n<div class=\"wp-block-column is-layout-flow wp-block-column-is-layout-flow\" style=\"flex-basis:66.66%\">\n<p class=\"has-text-align-right\" style=\"line-height:2\">De asemenea, oferim solu\u021bii personalizate de creare \u0219i optimizare a aplica\u021biilor mobile, adecvate cerin\u021belor \u0219i necesit\u0103\u021bilor tale. Cu o abordare inovatoare \u0219i aten\u021bie la detalii, proiect\u0103m \u0219i dezvolt\u0103m aplica\u021bii mobile menite s\u0103 ofere o experien\u021b\u0103 de utilizare ideal\u0103 pentru utilizatorii t\u0103i. De la aplica\u021bii pentru platformele iOS \u0219i Android p\u00e2n\u0103 la solu\u021bii complexe de business, suntem aici pentru a contribui la cre\u0219terea performan\u021bei afacerii tale \u00een mediul mobil.<\/p>\n<\/div>\n\n\n\n<div class=\"wp-block-column is-layout-flow wp-block-column-is-layout-flow\" style=\"flex-basis:33.33%\">\n<h4 class=\"wp-block-heading has-text-align-center\">Dezvoltare de aplica\u021bii mobile<\/h4>\n<\/div>\n<\/div>\n\n\n\n<hr class=\"wp-block-separator has-alpha-channel-opacity is-style-wide\" style=\"margin-top:var(--wp--preset--spacing--60);margin-bottom:var(--wp--preset--spacing--60)\"\/>\n\n\n\n<div class=\"wp-block-columns is-layout-flex wp-container-core-columns-is-layout-28f84493 wp-block-columns-is-layout-flex\">\n<div class=\"wp-block-column is-layout-flow wp-block-column-is-layout-flow\" style=\"flex-basis:33.33%\">\n<h4 class=\"wp-block-heading has-text-align-center\">Testare automat\u0103<\/h4>\n<\/div>\n\n\n\n<div class=\"wp-block-column is-layout-flow wp-block-column-is-layout-flow\" style=\"flex-basis:66.66%\">\n<p style=\"line-height:2\">Echipa noastr\u0103 ofer\u0103 servicii profesionale de testare \u0219i verificare automat\u0103 a aplica\u021biilor software, pentru a asigura calitatea \u0219i performan\u021ba acestora. Utiliz\u00e2nd cele mai moderne tehnologii \u0219i instrumente de testare, ne propunem s\u0103 identific\u0103m \u0219i s\u0103 remediem rapid orice defecte sau probleme \u00een aplica\u021biile tale, contribuind la livrarea unor produse software fiabile \u0219i robuste.<\/p>\n<\/div>\n<\/div>\n\n\n\n<hr class=\"wp-block-separator has-alpha-channel-opacity is-style-wide\" style=\"margin-top:var(--wp--preset--spacing--60);margin-bottom:var(--wp--preset--spacing--60)\"\/>\n\n\n\n<div class=\"wp-block-columns is-layout-flex wp-container-core-columns-is-layout-28f84493 wp-block-columns-is-layout-flex\">\n<div class=\"wp-block-column is-layout-flow wp-block-column-is-layout-flow\" style=\"flex-basis:66.66%\">\n<p class=\"has-text-align-right\" style=\"line-height:2\">Din portofoliul nostru fac parte \u0219i serviciile de testare \u0219i verificare manual\u0103 a aplica\u021biilor software, pentru a asigura func\u021bionalitatea \u0219i corectitudinea acestora. Cu o aten\u021bie deosebit\u0103 la detalii \u0219i o abordare meticuloas\u0103, test\u0103m fiecare aspect al aplica\u021biilor tale, asigur\u00e2ndu-ne c\u0103 acestea satisfac standardele de calitate \u0219i performan\u021b\u0103 dorite.<\/p>\n<\/div>\n\n\n\n<div class=\"wp-block-column is-layout-flow wp-block-column-is-layout-flow\" style=\"flex-basis:33.33%\">\n<h4 class=\"wp-block-heading has-text-align-center\">Testare manual\u0103<\/h4>\n<\/div>\n<\/div>\n\n\n\n<div style=\"height:150px\" aria-hidden=\"true\" class=\"wp-block-spacer\"><\/div>\n\n\n\n<div class=\"wp-block-cover alignfull has-parallax wp-duotone-dark-grayscale\"><span aria-hidden=\"true\" class=\"wp-block-cover__background has-background-dim\"><\/span><div role=\"img\" class=\"wp-block-cover__image-background wp-image-183 has-parallax\" style=\"background-position:50% 50%;background-image:url(https:\/\/romicatsoftware.com\/wp-content\/uploads\/2024\/03\/13-scaled.jpg)\"><\/div><div class=\"wp-block-cover__inner-container is-layout-constrained wp-block-cover-is-layout-constrained\">\n<div style=\"height:100px\" aria-hidden=\"true\" class=\"wp-block-spacer\"><\/div>\n\n\n\n<h2 class=\"wp-block-heading has-text-align-center\">Ia legatura cu noi pentru a afla cum te putem ajuta s\u0103 \u00ee\u021bi atingi obiectivele!<\/h2>\n\n\n\n<div class=\"wp-block-buttons is-horizontal is-content-justification-center is-layout-flex wp-container-core-buttons-is-layout-10e51d56 wp-block-buttons-is-layout-flex\" style=\"margin-top:var(--wp--preset--spacing--60);margin-bottom:var(--wp--preset--spacing--60)\">\n<div class=\"wp-block-button is-style-outline is-style-outline--1\"><a class=\"wp-block-button__link wp-element-button\" href=\"https:\/\/romicatsoftware.com\/ro\/contact\/\" style=\"border-radius:0px\">Contacteaz\u0103-ne acum!<\/a><\/div>\n<\/div>\n\n\n\n<div style=\"height:100px\" aria-hidden=\"true\" class=\"wp-block-spacer\"><\/div>\n<\/div><\/div>\n\n\n\n<div style=\"height:100px\" aria-hidden=\"true\" class=\"wp-block-spacer\"><\/div>","protected":false},"excerpt":{"rendered":"<p>IT consulting Our team offers expertise in the technology industry, guiding you step by step in solving the most complex [&hellip;]<\/p>","protected":false},"author":1,"featured_media":0,"parent":0,"menu_order":0,"comment_status":"closed","ping_status":"closed","template":"","meta":{"site-sidebar-layout":"default","site-content-layout":"","ast-site-content-layout":"","site-content-style":"default","site-sidebar-style":"default","ast-global-header-display":"","ast-banner-title-visibility":"","ast-main-header-display":"","ast-hfb-above-header-display":"","ast-hfb-below-header-display":"","ast-hfb-mobile-header-display":"","site-post-title":"","ast-breadcrumbs-content":"","ast-featured-img":"","footer-sml-layout":"","theme-transparent-header-meta":"","adv-header-id-meta":"","stick-header-meta":"","header-above-stick-meta":"","header-main-stick-meta":"","header-below-stick-meta":"","astra-migrate-meta-layouts":"default","ast-page-background-enabled":"default","ast-page-background-meta":{"desktop":{"background-color":"var(--ast-global-color-4)","background-image":"","background-repeat":"repeat","background-position":"center center","background-size":"auto","background-attachment":"scroll","background-type":"","background-media":"","overlay-type":"","overlay-color":"","overlay-gradient":""},"tablet":{"background-color":"","background-image":"","background-repeat":"repeat","background-position":"center center","background-size":"auto","background-attachment":"scroll","background-type":"","background-media":"","overlay-type":"","overlay-color":"","overlay-gradient":""},"mobile":{"background-color":"","background-image":"","background-repeat":"repeat","background-position":"center center","background-size":"auto","background-attachment":"scroll","background-type":"","background-media":"","overlay-type":"","overlay-color":"","overlay-gradient":""}},"ast-content-background-meta":{"desktop":{"background-color":"var(--ast-global-color-5)","background-image":"","background-repeat":"repeat","background-position":"center center","background-size":"auto","background-attachment":"scroll","background-type":"","background-media":"","overlay-type":"","overlay-color":"","overlay-gradient":""},"tablet":{"background-color":"var(--ast-global-color-5)","background-image":"","background-repeat":"repeat","background-position":"center center","background-size":"auto","background-attachment":"scroll","background-type":"","background-media":"","overlay-type":"","overlay-color":"","overlay-gradient":""},"mobile":{"background-color":"var(--ast-global-color-5)","background-image":"","background-repeat":"repeat","background-position":"center center","background-size":"auto","background-attachment":"scroll","background-type":"","background-media":"","overlay-type":"","overlay-color":"","overlay-gradient":""}},"footnotes":""},"class_list":["post-48","page","type-page","status-publish","hentry"],"_links":{"self":[{"href":"https:\/\/romicatsoftware.com\/ro\/wp-json\/wp\/v2\/pages\/48","targetHints":{"allow":["GET"]}}],"collection":[{"href":"https:\/\/romicatsoftware.com\/ro\/wp-json\/wp\/v2\/pages"}],"about":[{"href":"https:\/\/romicatsoftware.com\/ro\/wp-json\/wp\/v2\/types\/page"}],"author":[{"embeddable":true,"href":"https:\/\/romicatsoftware.com\/ro\/wp-json\/wp\/v2\/users\/1"}],"replies":[{"embeddable":true,"href":"https:\/\/romicatsoftware.com\/ro\/wp-json\/wp\/v2\/comments?post=48"}],"version-history":[{"count":26,"href":"https:\/\/romicatsoftware.com\/ro\/wp-json\/wp\/v2\/pages\/48\/revisions"}],"predecessor-version":[{"id":310,"href":"https:\/\/romicatsoftware.com\/ro\/wp-json\/wp\/v2\/pages\/48\/revisions\/310"}],"wp:attachment":[{"href":"https:\/\/romicatsoftware.com\/ro\/wp-json\/wp\/v2\/media?parent=48"}],"curies":[{"name":"wp","href":"https:\/\/api.w.org\/{rel}","templated":true}]}}